{"id":1208,"date":"2025-02-14T12:37:53","date_gmt":"2025-02-14T11:37:53","guid":{"rendered":"https:\/\/salonbcnjoya.com\/visitar\/programa-international-buyers\/"},"modified":"2025-03-13T11:45:05","modified_gmt":"2025-03-13T10:45:05","slug":"programa-international-buyers","status":"publish","type":"page","link":"https:\/\/expodeco.org\/ca\/visitar\/programa-international-buyers\/","title":{"rendered":"Programa international buyers"},"content":{"rendered":"\t\t<div data-elementor-type=\"wp-page\" data-elementor-id=\"1208\" class=\"elementor elementor-1208 elementor-45\" data-elementor-post-type=\"page\">\n\t\t\t\t<div class=\"elementor-element elementor-element-9b5f80d e-flex e-con-boxed e-con e-parent\" data-id=\"9b5f80d\" data-element_type=\"container\" data-e-type=\"container\" data-settings=\"{&quot;background_background&quot;:&quot;classic&quot;}\">\n\t\t\t\t\t<div class=\"e-con-inner\">\n\t\t<div class=\"elementor-element elementor-element-a0710f4 e-con-full e-flex e-con e-child\" data-id=\"a0710f4\" data-element_type=\"container\" data-e-type=\"container\">\n\t\t\t\t<div class=\"elementor-element elementor-element-9b2d8d9 elementor-widget elementor-widget-heading\" data-id=\"9b2d8d9\" data-element_type=\"widget\" data-e-type=\"widget\" data-widget_type=\"heading.default\">\n\t\t\t\t<div class=\"elementor-widget-container\">\n\t\t\t\t\t<h6 class=\"elementor-heading-title elementor-size-default\">Programa international buyers<\/h6>\t\t\t\t<\/div>\n\t\t\t\t<\/div>\n\t\t\t\t<div class=\"elementor-element elementor-element-8c42f96 elementor-widget elementor-widget-heading\" data-id=\"8c42f96\" data-element_type=\"widget\" data-e-type=\"widget\" data-widget_type=\"heading.default\">\n\t\t\t\t<div class=\"elementor-widget-container\">\n\t\t\t\t\t<h1 class=\"elementor-heading-title elementor-size-default\">Noves oportunitats de negoci<\/h1>\t\t\t\t<\/div>\n\t\t\t\t<\/div>\n\t\t\t\t<div class=\"elementor-element elementor-element-9bd0f6a elementor-widget elementor-widget-text-editor\" data-id=\"9bd0f6a\" data-element_type=\"widget\" data-e-type=\"widget\" data-widget_type=\"text-editor.default\">\n\t\t\t\t<div class=\"elementor-widget-container\">\n\t\t\t\t\t\t\t\t\t<p>EXPODECO \u00e9s el punt de trobada per a compradors internacionals a la recerca de les millors marques i prove\u00efdors del sector.<\/p><p>Una oportunitat \u00fanica per descobrir nous productes, establir aliances estrat\u00e8giques i, a m\u00e9s, beneficiar-se de la cobertura total o parcial del despla\u00e7ament.<\/p>\t\t\t\t\t\t\t\t<\/div>\n\t\t\t\t<\/div>\n\t\t\t\t<\/div>\n\t\t<div class=\"elementor-element elementor-element-2aaf8e0 e-con-full e-flex e-con e-child\" data-id=\"2aaf8e0\" data-element_type=\"container\" data-e-type=\"container\">\n\t\t\t\t<\/div>\n\t\t\t\t\t<\/div>\n\t\t\t\t<\/div>\n\t\t<div class=\"elementor-element elementor-element-8239356 e-flex e-con-boxed e-con e-parent\" data-id=\"8239356\" data-element_type=\"container\" data-e-type=\"container\">\n\t\t\t\t\t<div class=\"e-con-inner\">\n\t\t<div class=\"elementor-element elementor-element-30baed5 e-con-full e-flex e-con e-child\" data-id=\"30baed5\" data-element_type=\"container\" data-e-type=\"container\">\n\t\t\t\t<div class=\"elementor-element elementor-element-7c09b59 elementor-widget elementor-widget-heading\" data-id=\"7c09b59\" data-element_type=\"widget\" data-e-type=\"widget\" data-widget_type=\"heading.default\">\n\t\t\t\t<div class=\"elementor-widget-container\">\n\t\t\t\t\t<h2 class=\"elementor-heading-title elementor-size-default\">Qui pot participar?<\/h2>\t\t\t\t<\/div>\n\t\t\t\t<\/div>\n\t\t\t\t<div class=\"elementor-element elementor-element-cf719d0 elementor-widget elementor-widget-text-editor\" data-id=\"cf719d0\" data-element_type=\"widget\" data-e-type=\"widget\" data-widget_type=\"text-editor.default\">\n\t\t\t\t<div class=\"elementor-widget-container\">\n\t\t\t\t\t\t\t\t\t<p>Professionals d\u2019empreses internacionals amb una alta capacitat de compra i poder de decisi\u00f3 en el proc\u00e9s de compra.<\/p><p>Descobreix els beneficis exclusius del Programa International Buyers:<\/p>\t\t\t\t\t\t\t\t<\/div>\n\t\t\t\t<\/div>\n\t\t\t\t<\/div>\n\t\t<div class=\"elementor-element elementor-element-a0e76a7 e-con-full e-flex e-con e-child\" data-id=\"a0e76a7\" data-element_type=\"container\" data-e-type=\"container\">\n\t\t<div class=\"elementor-element elementor-element-5902b5b e-con-full e-flex e-con e-child\" data-id=\"5902b5b\" data-element_type=\"container\" data-e-type=\"container\">\n\t\t<div class=\"elementor-element elementor-element-8b4c228 e-con-full e-flex e-con e-child\" data-id=\"8b4c228\" data-element_type=\"container\" data-e-type=\"container\" data-settings=\"{&quot;background_background&quot;:&quot;classic&quot;}\">\n\t\t\t\t<div class=\"elementor-element elementor-element-e366c70 elementor-view-default elementor-widget elementor-widget-icon\" data-id=\"e366c70\" data-element_type=\"widget\" data-e-type=\"widget\" data-widget_type=\"icon.default\">\n\t\t\t\t<div class=\"elementor-widget-container\">\n\t\t\t\t\t\t\t<div class=\"elementor-icon-wrapper\">\n\t\t\t<div class=\"elementor-icon\">\n\t\t\t<svg xmlns=\"http:\/\/www.w3.org\/2000\/svg\" id=\"Capa_1\" data-name=\"Capa 1\" width=\"70.57\" height=\"62.73\" viewBox=\"0 0 70.57 62.73\"><path d=\"M66.49,25.69a14.41,14.41,0,0,0-6.85-2.17H44.93l-11.59-21A4.88,4.88,0,0,0,29.05,0h-5.9a3,3,0,0,0-2.83,3.72l5.47,19.8H14.21l-5-6.66a2.93,2.93,0,0,0-2.35-1.18H2.68A2.68,2.68,0,0,0,0,18.38a3.08,3.08,0,0,0,.12.78l3.75,12.2L.12,43.58a2.5,2.5,0,0,0-.12.78A2.68,2.68,0,0,0,2.68,47H6.86a3,3,0,0,0,2.35-1.17l5-6.67H25.79L20.32,59a2.94,2.94,0,0,0,2.83,3.73h5.9a4.91,4.91,0,0,0,4.29-2.54l11.59-21H59.65a14.21,14.21,0,0,0,6.84-2.12c2.09-1.27,4.08-3.24,4.08-5.72S68.58,27,66.49,25.69ZM22.21,3.2A1,1,0,0,1,23.15,2h5.9a2.93,2.93,0,0,1,2.57,1.52l11.06,20H27.82Zm9.41,56.05a3,3,0,0,1-2.57,1.52h-5.9a1,1,0,0,1-.94-1.24L27.82,39.2H42.68ZM65.46,35.41a12.5,12.5,0,0,1-5.82,1.83H13.72a1,1,0,0,0-.78.4l-5.29,7a1,1,0,0,1-.79.39H2.67A.71.71,0,0,1,2,44.36a.82.82,0,0,1,0-.21l-.93-.29.93.28L5.83,31.65a1,1,0,0,0,0-.58L2,18.58H2a.46.46,0,0,1,0-.21.72.72,0,0,1,.72-.72H6.86a1,1,0,0,1,.79.39l5.29,7.06a1,1,0,0,0,.78.39H59.63a12.35,12.35,0,0,1,5.82,1.88c2,1.21,3.14,2.67,3.14,4S67.42,34.22,65.46,35.41Z\"><\/path><\/svg>\t\t\t<\/div>\n\t\t<\/div>\n\t\t\t\t\t\t<\/div>\n\t\t\t\t<\/div>\n\t\t\t\t<div class=\"elementor-element elementor-element-a689e66 elementor-widget elementor-widget-heading\" data-id=\"a689e66\" data-element_type=\"widget\" data-e-type=\"widget\" data-widget_type=\"heading.default\">\n\t\t\t\t<div class=\"elementor-widget-container\">\n\t\t\t\t\t<h4 class=\"elementor-heading-title elementor-size-default\">Cobertura total o parcial de les despeses de viatge<\/h4>\t\t\t\t<\/div>\n\t\t\t\t<\/div>\n\t\t\t\t<\/div>\n\t\t<div class=\"elementor-element elementor-element-c07222c e-con-full e-flex e-con e-child\" data-id=\"c07222c\" data-element_type=\"container\" data-e-type=\"container\" data-settings=\"{&quot;background_background&quot;:&quot;classic&quot;}\">\n\t\t\t\t<div class=\"elementor-element elementor-element-e0cbb14 elementor-view-default elementor-widget elementor-widget-icon\" data-id=\"e0cbb14\" data-element_type=\"widget\" data-e-type=\"widget\" data-widget_type=\"icon.default\">\n\t\t\t\t<div class=\"elementor-widget-container\">\n\t\t\t\t\t\t\t<div class=\"elementor-icon-wrapper\">\n\t\t\t<div class=\"elementor-icon\">\n\t\t\t<svg xmlns=\"http:\/\/www.w3.org\/2000\/svg\" id=\"Capa_1\" data-name=\"Capa 1\" width=\"54.89\" height=\"62.73\" viewBox=\"0 0 54.89 62.73\"><path d=\"M47,7.84H41.16V1a1,1,0,0,0-2,0V7.84H15.68V1a1,1,0,1,0-2,0V7.84H7.84A7.85,7.85,0,0,0,0,15.68V54.89a7.85,7.85,0,0,0,7.84,7.84H47a7.85,7.85,0,0,0,7.85-7.84V15.68A7.85,7.85,0,0,0,47,7.84Zm5.89,47.05A5.89,5.89,0,0,1,47,60.77H7.84A5.88,5.88,0,0,1,2,54.89V23.52h51Zm0-33.33H2V15.68A5.88,5.88,0,0,1,7.84,9.8h5.88v4.9a1,1,0,0,0,2,0V9.8H39.2v4.9a1,1,0,1,0,2,0V9.8H47a5.89,5.89,0,0,1,5.89,5.88Z\"><\/path><path d=\"M24.8,49.7a1,1,0,0,0,1.38,0L40.88,35a1,1,0,0,0-1.38-1.38l-14,14L17.36,39.5A1,1,0,1,0,16,40.88Z\"><\/path><\/svg>\t\t\t<\/div>\n\t\t<\/div>\n\t\t\t\t\t\t<\/div>\n\t\t\t\t<\/div>\n\t\t\t\t<div class=\"elementor-element elementor-element-10b75e6 elementor-widget elementor-widget-heading\" data-id=\"10b75e6\" data-element_type=\"widget\" data-e-type=\"widget\" data-widget_type=\"heading.default\">\n\t\t\t\t<div class=\"elementor-widget-container\">\n\t\t\t\t\t<h4 class=\"elementor-heading-title elementor-size-default\">Creaci\u00f3 d\u2019una agenda de reunions amb empreses expositores<\/h4>\t\t\t\t<\/div>\n\t\t\t\t<\/div>\n\t\t\t\t<\/div>\n\t\t<div class=\"elementor-element elementor-element-2d7efb7 e-con-full e-flex e-con e-child\" data-id=\"2d7efb7\" data-element_type=\"container\" data-e-type=\"container\" data-settings=\"{&quot;background_background&quot;:&quot;classic&quot;}\">\n\t\t\t\t<div class=\"elementor-element elementor-element-474f9f0 elementor-view-default elementor-widget elementor-widget-icon\" data-id=\"474f9f0\" data-element_type=\"widget\" data-e-type=\"widget\" data-widget_type=\"icon.default\">\n\t\t\t\t<div class=\"elementor-widget-container\">\n\t\t\t\t\t\t\t<div class=\"elementor-icon-wrapper\">\n\t\t\t<div class=\"elementor-icon\">\n\t\t\t<svg xmlns=\"http:\/\/www.w3.org\/2000\/svg\" id=\"Capa_1\" data-name=\"Capa 1\" width=\"62.49\" height=\"50\" viewBox=\"0 0 62.49 50\"><path d=\"M12.2,19.64a8.58,8.58,0,0,1,5-5v1.7a7.07,7.07,0,0,0-3.52,3.86L11.12,27a3.88,3.88,0,0,1-.9,1.39L1.33,37.28a.78.78,0,0,1-1.1-1.11l8.89-8.89a2.38,2.38,0,0,0,.54-.83ZM48.21.23a.78.78,0,0,1,0,1.1L42.86,6.67A3.88,3.88,0,0,1,40.1,7.81H28.9a7,7,0,0,0-7,7v9.37a3.91,3.91,0,1,0,7.81,0V15.63a.78.78,0,0,1,1.56,0v4.68H44.52a5.48,5.48,0,0,1,2,10.57,5.69,5.69,0,0,1,.35,1.93,5.48,5.48,0,0,1-4.69,5.42v.05a5.47,5.47,0,0,1-5.47,5.47H24a2.34,2.34,0,0,0-1.66.69L17,49.77a.78.78,0,1,1-1.11-1.11l5.33-5.33A3.94,3.94,0,0,1,24,42.19H36.71a3.91,3.91,0,0,0,3.91-3.91,3.49,3.49,0,0,0-.06-.65.77.77,0,0,1,.78-.91h.06a3.91,3.91,0,0,0,3.91-3.91,3.86,3.86,0,0,0-.57-2,.76.76,0,0,1-.05-.72.78.78,0,0,1,.57-.45,3.9,3.9,0,0,0-.74-7.74H31.24v2.34a5.47,5.47,0,1,1-10.93,0V14.85a8.59,8.59,0,0,1,8.59-8.6H40.1a2.33,2.33,0,0,0,1.66-.68L47.09.23a.78.78,0,0,1,1.11,0Zm14,12.5a.78.78,0,0,1,0,1.1l-9.5,9.5a9,9,0,0,0-.65-1.57l9-9a.77.77,0,0,1,1.1,0Z\"><\/path><\/svg>\t\t\t<\/div>\n\t\t<\/div>\n\t\t\t\t\t\t<\/div>\n\t\t\t\t<\/div>\n\t\t\t\t<div class=\"elementor-element elementor-element-91246ff elementor-widget elementor-widget-heading\" data-id=\"91246ff\" data-element_type=\"widget\" data-e-type=\"widget\" data-widget_type=\"heading.default\">\n\t\t\t\t<div class=\"elementor-widget-container\">\n\t\t\t\t\t<h4 class=\"elementor-heading-title elementor-size-default\">Acc\u00e9s exclusiu a la sala de reunions<\/h4>\t\t\t\t<\/div>\n\t\t\t\t<\/div>\n\t\t\t\t<\/div>\n\t\t\t\t<\/div>\n\t\t\t\t<\/div>\n\t\t<div class=\"elementor-element elementor-element-52f5a3e e-con-full e-flex e-con e-child\" data-id=\"52f5a3e\" data-element_type=\"container\" data-e-type=\"container\">\n\t\t<div class=\"elementor-element elementor-element-ea1784f e-con-full e-flex e-con e-child\" data-id=\"ea1784f\" data-element_type=\"container\" data-e-type=\"container\" data-settings=\"{&quot;background_background&quot;:&quot;classic&quot;}\">\n\t\t<div class=\"elementor-element elementor-element-d02dead e-con-full e-flex e-con e-child\" data-id=\"d02dead\" data-element_type=\"container\" data-e-type=\"container\">\n\t\t\t\t<div class=\"elementor-element elementor-element-669138b elementor-widget elementor-widget-heading\" data-id=\"669138b\" data-element_type=\"widget\" data-e-type=\"widget\" data-widget_type=\"heading.default\">\n\t\t\t\t<div class=\"elementor-widget-container\">\n\t\t\t\t\t<h3 class=\"elementor-heading-title elementor-size-default\">Vols participar al programa International Buyers?<\/h3>\t\t\t\t<\/div>\n\t\t\t\t<\/div>\n\t\t\t\t<\/div>\n\t\t<div class=\"elementor-element elementor-element-55607fc e-con-full e-flex e-con e-child\" data-id=\"55607fc\" data-element_type=\"container\" data-e-type=\"container\">\n\t\t\t\t<div class=\"elementor-element elementor-element-4e7908f elementor-widget elementor-widget-text-editor\" data-id=\"4e7908f\" data-element_type=\"widget\" data-e-type=\"widget\" data-widget_type=\"text-editor.default\">\n\t\t\t\t<div class=\"elementor-widget-container\">\n\t\t\t\t\t\t\t\t\t<p>Posa&#8217;t en contacte amb nosaltres per a con\u00e8ixer els detalls i com aplicar.<\/p><p><strong>Email:<\/strong> expohogar@expohogar.com<br><strong>Assumpte:<\/strong> Vull saber m\u00e9s sobre el programa International Buyers<\/p>\t\t\t\t\t\t\t\t<\/div>\n\t\t\t\t<\/div>\n\t\t\t\t<\/div>\n\t\t\t\t<\/div>\n\t\t\t\t<\/div>\n\t\t\t\t\t<\/div>\n\t\t\t\t<\/div>\n\t\t<div class=\"elementor-element elementor-element-ec8ce77 e-con-full e-flex e-con e-parent\" data-id=\"ec8ce77\" data-element_type=\"container\" data-e-type=\"container\">\n\t\t<div class=\"elementor-element elementor-element-d49d97c e-con-full e-flex e-con e-child\" data-id=\"d49d97c\" data-element_type=\"container\" data-e-type=\"container\">\n\t\t\t\t<div class=\"elementor-element elementor-element-1716c85 elementor-widget elementor-widget-image-carousel\" data-id=\"1716c85\" data-element_type=\"widget\" data-e-type=\"widget\" data-settings=\"{&quot;slides_to_show&quot;:&quot;3&quot;,&quot;navigation&quot;:&quot;none&quot;,&quot;image_spacing_custom&quot;:{&quot;unit&quot;:&quot;px&quot;,&quot;size&quot;:30,&quot;sizes&quot;:[]},&quot;slides_to_show_tablet&quot;:&quot;2&quot;,&quot;image_spacing_custom_laptop&quot;:{&quot;unit&quot;:&quot;px&quot;,&quot;size&quot;:20,&quot;sizes&quot;:[]},&quot;image_spacing_custom_tablet&quot;:{&quot;unit&quot;:&quot;px&quot;,&quot;size&quot;:20,&quot;sizes&quot;:[]},&quot;speed&quot;:500,&quot;image_spacing_custom_mobile&quot;:{&quot;unit&quot;:&quot;px&quot;,&quot;size&quot;:&quot;&quot;,&quot;sizes&quot;:[]}}\" data-widget_type=\"image-carousel.default\">\n\t\t\t\t<div class=\"elementor-widget-container\">\n\t\t\t\t\t\t\t<div class=\"elementor-image-carousel-wrapper swiper\" role=\"region\" aria-roledescription=\"carousel\" aria-label=\"Carrusel de im\u00e1genes\" dir=\"ltr\">\n\t\t\t<div class=\"elementor-image-carousel swiper-wrapper swiper-image-stretch\" aria-live=\"polite\">\n\t\t\t\t\t\t\t\t<div class=\"swiper-slide\" role=\"group\" aria-roledescription=\"slide\" aria-label=\"1 de 3\"><figure class=\"swiper-slide-inner\"><img decoding=\"async\" class=\"swiper-slide-image\" src=\"https:\/\/expodeco.org\/wp-content\/uploads\/2025\/03\/international-buyers-expohogar-2024-1.webp\" alt=\"international-buyers-expohogar-2024-1.webp\" \/><\/figure><\/div><div class=\"swiper-slide\" role=\"group\" aria-roledescription=\"slide\" aria-label=\"2 de 3\"><figure class=\"swiper-slide-inner\"><img decoding=\"async\" class=\"swiper-slide-image\" src=\"https:\/\/expodeco.org\/wp-content\/uploads\/2025\/03\/international-buyers-expohogar-2024-2.webp\" alt=\"international-buyers-expohogar-2024-2.webp\" \/><\/figure><\/div><div class=\"swiper-slide\" role=\"group\" aria-roledescription=\"slide\" aria-label=\"3 de 3\"><figure class=\"swiper-slide-inner\"><img decoding=\"async\" class=\"swiper-slide-image\" src=\"https:\/\/expodeco.org\/wp-content\/uploads\/2025\/03\/international-buyers-expohogar-2024-3.webp\" alt=\"international-buyers-expohogar-2024-3.webp\" \/><\/figure><\/div>\t\t\t<\/div>\n\t\t\t\t\t\t\t\n\t\t\t\t\t\t\t\t\t<\/div>\n\t\t\t\t\t\t<\/div>\n\t\t\t\t<\/div>\n\t\t\t\t<\/div>\n\t\t\t\t<\/div>\n\t\t\t\t<\/div>\n\t\t","protected":false},"excerpt":{"rendered":"<p>Noves oportunitats de negoci EXPODECO \u00e9s el punt de trobada per a compradors internacionals a la recerca de les millors marques i prove\u00efdors del sector. Una oportunitat \u00fanica per descobrir nous productes, establir aliances estrat\u00e8giques i, a m\u00e9s, beneficiar-se de la cobertura total o parcial del despla\u00e7ament. Qui pot participar? Professionals d\u2019empreses internacionals amb una [&hellip;]<\/p>\n","protected":false},"author":1,"featured_media":0,"parent":1203,"menu_order":0,"comment_status":"closed","ping_status":"closed","template":"","meta":{"_acf_changed":false,"footnotes":""},"class_list":["post-1208","page","type-page","status-publish","hentry"],"acf":[],"_links":{"self":[{"href":"https:\/\/expodeco.org\/ca\/wp-json\/wp\/v2\/pages\/1208","targetHints":{"allow":["GET"]}}],"collection":[{"href":"https:\/\/expodeco.org\/ca\/wp-json\/wp\/v2\/pages"}],"about":[{"href":"https:\/\/expodeco.org\/ca\/wp-json\/wp\/v2\/types\/page"}],"author":[{"embeddable":true,"href":"https:\/\/expodeco.org\/ca\/wp-json\/wp\/v2\/users\/1"}],"replies":[{"embeddable":true,"href":"https:\/\/expodeco.org\/ca\/wp-json\/wp\/v2\/comments?post=1208"}],"version-history":[{"count":9,"href":"https:\/\/expodeco.org\/ca\/wp-json\/wp\/v2\/pages\/1208\/revisions"}],"predecessor-version":[{"id":2079,"href":"https:\/\/expodeco.org\/ca\/wp-json\/wp\/v2\/pages\/1208\/revisions\/2079"}],"up":[{"embeddable":true,"href":"https:\/\/expodeco.org\/ca\/wp-json\/wp\/v2\/pages\/1203"}],"wp:attachment":[{"href":"https:\/\/expodeco.org\/ca\/wp-json\/wp\/v2\/media?parent=1208"}],"curies":[{"name":"wp","href":"https:\/\/api.w.org\/{rel}","templated":true}]}}